{"id":886,"date":"2025-10-19T21:54:12","date_gmt":"2025-10-19T21:54:12","guid":{"rendered":"https:\/\/oriwholesaletradingbv.com\/?post_type=product&#038;p=886"},"modified":"2025-10-19T21:56:56","modified_gmt":"2025-10-19T21:56:56","slug":"moet","status":"publish","type":"product","link":"https:\/\/oriwholesaletradingbv.com\/?product=moet","title":{"rendered":"Moet"},"content":{"rendered":"<p>Mo\u00ebt &amp; Chandon (French pronunciation: \u200b[mo\u025bt\u203fe \u0283\u0251\u0303d\u0254\u0303]), or Mo\u00ebt, is a French fine winery and co-owner of the luxury goods company LVMH Mo\u00ebt Hennessy Louis Vuitton SE. Mo\u00ebt et Chandon is one of the world\u2019s largest champagne producers and a prominent champagne house. Mo\u00ebt et Chandon was established in 1743 by Claude Mo\u00ebt, and today owns 1,190 hectares (2,900 acres) of vineyards, and annually produces approximately 28,000,000 bottles of champagne.<\/p>\n","protected":false},"excerpt":{"rendered":"<p data-start=\"92\" data-end=\"120\"><span style=\"color: #008000;\">Contact Us for Inquiries<\/span><\/p>\n<p data-start=\"122\" data-end=\"312\">Have questions or need more information? Our team is here to help.<\/p>\n<p data-start=\"122\" data-end=\"312\"><a href=\"http:\/\/oriwholesaletradingbv.com\/?page_id=84&#038;preview=true\" target=\"_self\" class=\"button success is-success is-medium\"  >\n    <span>get quote<\/span>\n  <\/a>\n\n","protected":false},"featured_media":887,"template":"","meta":[],"product_brand":[],"product_cat":[32],"product_tag":[],"class_list":{"0":"post-886","1":"product","2":"type-product","3":"status-publish","4":"has-post-thumbnail","6":"product_cat-best-place-to-buy-wholesale-alcoholic-drinks-in-the-netherlands","8":"first","9":"instock","10":"shipping-taxable","11":"product-type-external"},"_links":{"self":[{"href":"https:\/\/oriwholesaletradingbv.com\/index.php?rest_route=\/wp\/v2\/product\/886","targetHints":{"allow":["GET"]}}],"collection":[{"href":"https:\/\/oriwholesaletradingbv.com\/index.php?rest_route=\/wp\/v2\/product"}],"about":[{"href":"https:\/\/oriwholesaletradingbv.com\/index.php?rest_route=\/wp\/v2\/types\/product"}],"wp:featuredmedia":[{"embeddable":true,"href":"https:\/\/oriwholesaletradingbv.com\/index.php?rest_route=\/wp\/v2\/media\/887"}],"wp:attachment":[{"href":"https:\/\/oriwholesaletradingbv.com\/index.php?rest_route=%2Fwp%2Fv2%2Fmedia&parent=886"}],"wp:term":[{"taxonomy":"product_brand","embeddable":true,"href":"https:\/\/oriwholesaletradingbv.com\/index.php?rest_route=%2Fwp%2Fv2%2Fproduct_brand&post=886"},{"taxonomy":"product_cat","embeddable":true,"href":"https:\/\/oriwholesaletradingbv.com\/index.php?rest_route=%2Fwp%2Fv2%2Fproduct_cat&post=886"},{"taxonomy":"product_tag","embeddable":true,"href":"https:\/\/oriwholesaletradingbv.com\/index.php?rest_route=%2Fwp%2Fv2%2Fproduct_tag&post=886"}],"curies":[{"name":"wp","href":"https:\/\/api.w.org\/{rel}","templated":true}]}}